{"id":2477,"date":"2019-01-28T14:56:38","date_gmt":"2019-01-28T14:56:38","guid":{"rendered":"https:\/\/three.originsbeta.ch\/product\/garam-masala-spice-blend-einzelschachtel\/"},"modified":"2023-01-13T12:11:24","modified_gmt":"2023-01-13T11:11:24","slug":"garam-masala-spice-blend-einzelschachtel","status":"publish","type":"product","link":"https:\/\/spice-life.ch\/de\/produkt\/garam-masala-spice-blend-einzelschachtel\/","title":{"rendered":"Garam Masala Spice Blend"},"content":{"rendered":"","protected":false},"excerpt":{"rendered":"<p>Eine aromatische Sch\u00e4rfe und wundervolle Komplexit\u00e4t wird durch die Mischung von Koriander, Kreuzk\u00fcmmel, Zimt, Kardamomen, Pfeffer, Chili, Macis und Nelken erreicht. Die daraus resultierenden Aromen sind so intensiv und aufregend wie auch exotisch. Garam Masala wird in der indischen K\u00fcche als Grundgew\u00fcrz in praktisch allen Gerichten verwendet, egal ob salzig oder s\u00fcss. F\u00fcgen Sie dieses Gew\u00fcrz in den letzten 10 Minuten des Kochens bei, um seine Intensit\u00e4t zu erhalten.<\/p>\n<h4>Unsere Gew\u00fcrzzubereitungen enthalten keine k\u00fcnstlichen Konservierungs- oder Zusatzstoffe und werden nach eigenem Familienrezept erstellt.<\/h4>\n<p><b>Zutaten:<\/b>\u00a0Koriander, Kreuzk\u00fcmmel, Chili, Zimt, Pfeffer, Himalaya Kristallsalz, Kardamomen, Macis, Nelken, Pfeffer mit granulierter Zitronenschale, Pfefferminze, Lorbeer.<\/p>\n","protected":false},"featured_media":1833,"comment_status":"open","ping_status":"closed","template":"","meta":[],"product_brand":[],"product_cat":[214,238,228,230],"product_tag":[266],"class_list":{"0":"post-2477","1":"product","2":"type-product","3":"status-publish","4":"has-post-thumbnail","6":"product_cat-asiatisch","7":"product_cat-einzelschachtel","8":"product_cat-garam-masala-spice-blend-de","9":"product_cat-indien","10":"product_tag-garam-masala-spice-blend-de","12":"first","13":"instock","14":"shipping-taxable","15":"purchasable","16":"product-type-simple"},"_links":{"self":[{"href":"https:\/\/spice-life.ch\/de\/wp-json\/wp\/v2\/product\/2477","targetHints":{"allow":["GET"]}}],"collection":[{"href":"https:\/\/spice-life.ch\/de\/wp-json\/wp\/v2\/product"}],"about":[{"href":"https:\/\/spice-life.ch\/de\/wp-json\/wp\/v2\/types\/product"}],"replies":[{"embeddable":true,"href":"https:\/\/spice-life.ch\/de\/wp-json\/wp\/v2\/comments?post=2477"}],"wp:featuredmedia":[{"embeddable":true,"href":"https:\/\/spice-life.ch\/de\/wp-json\/wp\/v2\/media\/1833"}],"wp:attachment":[{"href":"https:\/\/spice-life.ch\/de\/wp-json\/wp\/v2\/media?parent=2477"}],"wp:term":[{"taxonomy":"product_brand","embeddable":true,"href":"https:\/\/spice-life.ch\/de\/wp-json\/wp\/v2\/product_brand?post=2477"},{"taxonomy":"product_cat","embeddable":true,"href":"https:\/\/spice-life.ch\/de\/wp-json\/wp\/v2\/product_cat?post=2477"},{"taxonomy":"product_tag","embeddable":true,"href":"https:\/\/spice-life.ch\/de\/wp-json\/wp\/v2\/product_tag?post=2477"}],"curies":[{"name":"wp","href":"https:\/\/api.w.org\/{rel}","templated":true}]}}