{"id":2471,"date":"2019-02-02T14:04:40","date_gmt":"2019-02-02T14:04:40","guid":{"rendered":"https:\/\/three.originsbeta.ch\/product\/jamaican-jerk-seasoning-einzelschachtel\/"},"modified":"2019-04-12T15:04:26","modified_gmt":"2019-04-12T15:04:26","slug":"jamaican-jerk-seasoning-einzelschachtel","status":"publish","type":"product","link":"https:\/\/spice-life.ch\/de\/produkt\/jamaican-jerk-seasoning-einzelschachtel\/","title":{"rendered":"Jamaican Jerk Seasoning"},"content":{"rendered":"","protected":false},"excerpt":{"rendered":"<p>Jamaican Jerk verdankt seinen unvergleichlich rauchigen, scharfen Geschmack den Zutaten wie Chili, Thymian, Petersilie, Koriander, Kreuzk\u00fcmmel, Zimt, Knoblauch, Macis und Piment. Streuen Sie es \u00fcber Fleisch, Gefl\u00fcgel oder Gem\u00fcse, machen Sie damit eine Marinade an oder verwenden Sie es als \u00abSpice-Rub\u00bb. Schmeckt hervorragend auf allen Grilladen. Diese wundervolle Karibik-Gew\u00fcrzzubereitung l\u00e4sst Bilder vom Meer und von warmen tropischen N\u00e4chten vor unserem inneren Auge entstehen.<\/p>\n<h4>Unsere Gew\u00fcrzzubereitungen enthalten keine k\u00fcnstlichen Konservierungs- oder Zusatzstoffe und werden nach eigenem Familienrezept erstellt.<\/h4>\n<p><b>Zutaten:<\/b>\u00a0Knoblauch, Koriander, Zwiebeln, Kreuzk\u00fcmmel, Piment, Rohrzucker, Himalaya Kristallsalz, Zimt, Cayenne, Paprika, Chili, Macis, Pfeffer, Pfeffer mit granulierter Zitronenschale, Thymian, Petersilie.<\/p>\n","protected":false},"featured_media":1845,"comment_status":"open","ping_status":"closed","template":"","meta":[],"product_brand":[],"product_cat":[238,232,231,219],"product_tag":[270],"class_list":{"0":"post-2471","1":"product","2":"type-product","3":"status-publish","4":"has-post-thumbnail","6":"product_cat-einzelschachtel","7":"product_cat-jamaican-jerk-seasoning-de","8":"product_cat-jamaika","9":"product_cat-karibik","10":"product_tag-jamaican-jerk-seasoning-de","12":"first","13":"instock","14":"shipping-taxable","15":"purchasable","16":"product-type-simple"},"_links":{"self":[{"href":"https:\/\/spice-life.ch\/de\/wp-json\/wp\/v2\/product\/2471","targetHints":{"allow":["GET"]}}],"collection":[{"href":"https:\/\/spice-life.ch\/de\/wp-json\/wp\/v2\/product"}],"about":[{"href":"https:\/\/spice-life.ch\/de\/wp-json\/wp\/v2\/types\/product"}],"replies":[{"embeddable":true,"href":"https:\/\/spice-life.ch\/de\/wp-json\/wp\/v2\/comments?post=2471"}],"wp:featuredmedia":[{"embeddable":true,"href":"https:\/\/spice-life.ch\/de\/wp-json\/wp\/v2\/media\/1845"}],"wp:attachment":[{"href":"https:\/\/spice-life.ch\/de\/wp-json\/wp\/v2\/media?parent=2471"}],"wp:term":[{"taxonomy":"product_brand","embeddable":true,"href":"https:\/\/spice-life.ch\/de\/wp-json\/wp\/v2\/product_brand?post=2471"},{"taxonomy":"product_cat","embeddable":true,"href":"https:\/\/spice-life.ch\/de\/wp-json\/wp\/v2\/product_cat?post=2471"},{"taxonomy":"product_tag","embeddable":true,"href":"https:\/\/spice-life.ch\/de\/wp-json\/wp\/v2\/product_tag?post=2471"}],"curies":[{"name":"wp","href":"https:\/\/api.w.org\/{rel}","templated":true}]}}