{"id":2469,"date":"2019-02-02T14:14:40","date_gmt":"2019-02-02T14:14:40","guid":{"rendered":"https:\/\/three.originsbeta.ch\/product\/ethiopian-berbere-spice-blend-einzelschachtel\/"},"modified":"2019-04-13T14:48:54","modified_gmt":"2019-04-13T14:48:54","slug":"ethiopian-berbere-spice-blend-einzelschachtel","status":"publish","type":"product","link":"https:\/\/spice-life.ch\/de\/produkt\/ethiopian-berbere-spice-blend-einzelschachtel\/","title":{"rendered":"Ethiopian Berbere Spice Blend"},"content":{"rendered":"","protected":false},"excerpt":{"rendered":"<p>Diese feurige Gew\u00fcrzzubereitung ist eine integrale Zutat in der \u00e4thiopischen K\u00fcche und wird meistens f\u00fcr Eintopf, \u00abwats\u00bb genannt, verwendet. Diese Gew\u00fcrzzubereitung kann mit Linsen serviert werden und eignet sich hervorragend f\u00fcr Grilladen mit Fleisch und Gefl\u00fcgel (Gew\u00fcrzzubereitung mit \u00d6l vermischen und vor dem Grillieren einreiben). Ethiopian Berbere kann \u00e4hnlich wie das indische Garam Masala gebraucht werden und ist genauso vielf\u00e4ltig.<\/p>\n<h4>Unsere Gew\u00fcrzzubereitungen enthalten keine k\u00fcnstlichen Konservierungs- oder Zusatzstoffe und werden nach eigenem Familienrezept erstellt.<\/h4>\n<p><b>Zutaten:<\/b>\u00a0Koriander, Paprika, Cayenne, Chili, Kurkuma, Ingwer, Pfeffer, Knoblauch, Zimt, Kreuzk\u00fcmmel, Himalaya Kristallsalz, Kardamomen, Bockshornklee, Macis, Piment, Nelken, Basilikum.<\/p>\n","protected":false},"featured_media":1849,"comment_status":"open","ping_status":"closed","template":"","meta":[],"product_brand":[],"product_cat":[213,222,238,223],"product_tag":[261],"class_list":{"0":"post-2469","1":"product","2":"type-product","3":"status-publish","4":"has-post-thumbnail","6":"product_cat-afrikanisch","7":"product_cat-aethiopien","8":"product_cat-einzelschachtel","9":"product_cat-ethiopian-berbere-spice-blend-de","10":"product_tag-ethiopian-berbere-spice-blend-de","12":"first","13":"instock","14":"shipping-taxable","15":"purchasable","16":"product-type-simple"},"_links":{"self":[{"href":"https:\/\/spice-life.ch\/de\/wp-json\/wp\/v2\/product\/2469","targetHints":{"allow":["GET"]}}],"collection":[{"href":"https:\/\/spice-life.ch\/de\/wp-json\/wp\/v2\/product"}],"about":[{"href":"https:\/\/spice-life.ch\/de\/wp-json\/wp\/v2\/types\/product"}],"replies":[{"embeddable":true,"href":"https:\/\/spice-life.ch\/de\/wp-json\/wp\/v2\/comments?post=2469"}],"wp:featuredmedia":[{"embeddable":true,"href":"https:\/\/spice-life.ch\/de\/wp-json\/wp\/v2\/media\/1849"}],"wp:attachment":[{"href":"https:\/\/spice-life.ch\/de\/wp-json\/wp\/v2\/media?parent=2469"}],"wp:term":[{"taxonomy":"product_brand","embeddable":true,"href":"https:\/\/spice-life.ch\/de\/wp-json\/wp\/v2\/product_brand?post=2469"},{"taxonomy":"product_cat","embeddable":true,"href":"https:\/\/spice-life.ch\/de\/wp-json\/wp\/v2\/product_cat?post=2469"},{"taxonomy":"product_tag","embeddable":true,"href":"https:\/\/spice-life.ch\/de\/wp-json\/wp\/v2\/product_tag?post=2469"}],"curies":[{"name":"wp","href":"https:\/\/api.w.org\/{rel}","templated":true}]}}