{"id":2468,"date":"2019-02-02T14:19:42","date_gmt":"2019-02-02T14:19:42","guid":{"rendered":"https:\/\/three.originsbeta.ch\/product\/south-african-bbq-spice-blend-einzelschachtel\/"},"modified":"2026-01-13T02:05:33","modified_gmt":"2026-01-13T01:05:33","slug":"south-african-bbq-spice-blend-einzelschachtel","status":"publish","type":"product","link":"https:\/\/spice-life.ch\/de\/produkt\/south-african-bbq-spice-blend-einzelschachtel\/","title":{"rendered":"South African BBQ Spice Blend"},"content":{"rendered":"","protected":false},"excerpt":{"rendered":"<p>Wenn Sie sich vom erdigen Geschmack von Oregano und Thymian kombiniert mit Koriander, Knoblauch und s\u00fcss-sauren getrockneten Zwiebeln, Kreuzk\u00fcmmel und <b>SENFK\u00d6RNERN<\/b> inspiriert f\u00fchlen, wird diese Gew\u00fcrzzubereitung bei einem BBQ nicht mehr fehlen d\u00fcrfen. Urspr\u00fcnglich als \u00abSpice-Rub\u00bb angedacht, eignet sich diese Gew\u00fcrzzubereitung auch ausgezeichnet als Basis f\u00fcr eine BBQ-Marinade, als Topping von K\u00e4seschnitten oder zum W\u00fcrzen von vegetarischen Gerichten.<\/p>\n<h4>Unsere Gew\u00fcrzzubereitungen enthalten keine k\u00fcnstlichen Konservierungs- oder Zusatzstoffe und werden nach eigenem Familienrezept erstellt.<\/h4>\n<p><b>Zutaten:<\/b>\u00a0Koriander, Knoblauch, Rohrzucker, Kreuzk\u00fcmmel, Himalaya Kristallsalz, Zwiebeln, <b>SENF<\/b>, Pfeffer, Oregano, Thymian.<\/p>\n","protected":false},"featured_media":1851,"comment_status":"open","ping_status":"closed","template":"","meta":[],"product_brand":[],"product_cat":[213,238,240,239],"product_tag":[282],"class_list":{"0":"post-2468","1":"product","2":"type-product","3":"status-publish","4":"has-post-thumbnail","6":"product_cat-afrikanisch","7":"product_cat-einzelschachtel","8":"product_cat-south-african-bbq-spice-blend-de","9":"product_cat-suedafrikanisch","10":"product_tag-south-african-bbq-spice-blend-de","12":"first","13":"instock","14":"shipping-taxable","15":"purchasable","16":"product-type-simple"},"_links":{"self":[{"href":"https:\/\/spice-life.ch\/de\/wp-json\/wp\/v2\/product\/2468","targetHints":{"allow":["GET"]}}],"collection":[{"href":"https:\/\/spice-life.ch\/de\/wp-json\/wp\/v2\/product"}],"about":[{"href":"https:\/\/spice-life.ch\/de\/wp-json\/wp\/v2\/types\/product"}],"replies":[{"embeddable":true,"href":"https:\/\/spice-life.ch\/de\/wp-json\/wp\/v2\/comments?post=2468"}],"wp:featuredmedia":[{"embeddable":true,"href":"https:\/\/spice-life.ch\/de\/wp-json\/wp\/v2\/media\/1851"}],"wp:attachment":[{"href":"https:\/\/spice-life.ch\/de\/wp-json\/wp\/v2\/media?parent=2468"}],"wp:term":[{"taxonomy":"product_brand","embeddable":true,"href":"https:\/\/spice-life.ch\/de\/wp-json\/wp\/v2\/product_brand?post=2468"},{"taxonomy":"product_cat","embeddable":true,"href":"https:\/\/spice-life.ch\/de\/wp-json\/wp\/v2\/product_cat?post=2468"},{"taxonomy":"product_tag","embeddable":true,"href":"https:\/\/spice-life.ch\/de\/wp-json\/wp\/v2\/product_tag?post=2468"}],"curies":[{"name":"wp","href":"https:\/\/api.w.org\/{rel}","templated":true}]}}