{"id":2465,"date":"2019-02-02T14:34:25","date_gmt":"2019-02-02T14:34:25","guid":{"rendered":"https:\/\/three.originsbeta.ch\/product\/camp-favourite-spice-blend-einzelschachtel\/"},"modified":"2019-04-13T15:31:20","modified_gmt":"2019-04-13T15:31:20","slug":"camp-favourite-spice-blend-einzelschachtel","status":"publish","type":"product","link":"https:\/\/spice-life.ch\/de\/produkt\/camp-favourite-spice-blend-einzelschachtel\/","title":{"rendered":"Camp Favourite Spice Blend"},"content":{"rendered":"","protected":false},"excerpt":{"rendered":"<p>Kombiniert das erdige Aroma von Thymian, Oregano und Basilikum mit dem schmackhaften Koriander, mit Knoblauch und s\u00fcss-sauren getrockneten Zwiebeln, Kreuzk\u00fcmmel und Sumach und l\u00e4sst eine erfrischende und komplexe Gew\u00fcrzzubereitung entstehen. Meistens wird sie auf grilliertes Fleisch und Gem\u00fcse gestreut, dient aber auch als Basis f\u00fcr Marinaden und Kr\u00e4uterbutter oder verleiht K\u00e4seschnitten einen unvergleichlichen Geschmack.<\/p>\n<h4>Unsere Gew\u00fcrzzubereitungen enthalten keine k\u00fcnstlichen Konservierungs- oder Zusatzstoffe und werden nach eigenem Familienrezept erstellt.<\/h4>\n<p><b>Zutaten:<\/b>\u00a0Knoblauch, Zwiebeln, Rohrzucker, Koriander, Himalaya Kristallsalz, Pfeffer, Sumach, Kreuzk\u00fcmmel, Thymian, Oregano, Basilikum.<\/p>\n","protected":false},"featured_media":1857,"comment_status":"open","ping_status":"closed","template":"","meta":[],"product_brand":[],"product_cat":[213,217,238],"product_tag":[253],"class_list":{"0":"post-2465","1":"product","2":"type-product","3":"status-publish","4":"has-post-thumbnail","6":"product_cat-afrikanisch","7":"product_cat-camp-favourite-spice-blend-de","8":"product_cat-einzelschachtel","9":"product_tag-camp-favourite-spice-blend-de","11":"first","12":"instock","13":"shipping-taxable","14":"purchasable","15":"product-type-simple"},"_links":{"self":[{"href":"https:\/\/spice-life.ch\/de\/wp-json\/wp\/v2\/product\/2465","targetHints":{"allow":["GET"]}}],"collection":[{"href":"https:\/\/spice-life.ch\/de\/wp-json\/wp\/v2\/product"}],"about":[{"href":"https:\/\/spice-life.ch\/de\/wp-json\/wp\/v2\/types\/product"}],"replies":[{"embeddable":true,"href":"https:\/\/spice-life.ch\/de\/wp-json\/wp\/v2\/comments?post=2465"}],"wp:featuredmedia":[{"embeddable":true,"href":"https:\/\/spice-life.ch\/de\/wp-json\/wp\/v2\/media\/1857"}],"wp:attachment":[{"href":"https:\/\/spice-life.ch\/de\/wp-json\/wp\/v2\/media?parent=2465"}],"wp:term":[{"taxonomy":"product_brand","embeddable":true,"href":"https:\/\/spice-life.ch\/de\/wp-json\/wp\/v2\/product_brand?post=2465"},{"taxonomy":"product_cat","embeddable":true,"href":"https:\/\/spice-life.ch\/de\/wp-json\/wp\/v2\/product_cat?post=2465"},{"taxonomy":"product_tag","embeddable":true,"href":"https:\/\/spice-life.ch\/de\/wp-json\/wp\/v2\/product_tag?post=2465"}],"curies":[{"name":"wp","href":"https:\/\/api.w.org\/{rel}","templated":true}]}}