{"id":2464,"date":"2019-02-02T14:39:05","date_gmt":"2019-02-02T14:39:05","guid":{"rendered":"https:\/\/three.originsbeta.ch\/product\/spicy-sweet-bbq-spice-blend-einzelschachtel\/"},"modified":"2019-04-12T14:59:27","modified_gmt":"2019-04-12T14:59:27","slug":"spicy-sweet-bbq-spice-blend-einzelschachtel","status":"publish","type":"product","link":"https:\/\/spice-life.ch\/de\/produkt\/spicy-sweet-bbq-spice-blend-einzelschachtel\/","title":{"rendered":"Spicy &#038; Sweet BBQ Spice Blend"},"content":{"rendered":"","protected":false},"excerpt":{"rendered":"<p>Fruchtige Jalape\u00f1o Chili in Kombination mit Knoblauchpulver, Koriander, getrockneten Zwiebeln und <strong>SENFK\u00d6RNERN<\/strong> erg\u00e4nzen sich zu einer scharf-s\u00fcssen Gew\u00fcrzzubereitung von eleganter Harmonie. Perfekt f\u00fcr alle Gerichte mit Fleisch, Gem\u00fcse oder K\u00e4se. Wird oft mit frischem Ingwer, Knoblauch und der indonesischen Soyasauce kombiniert, um Ribs mit einem unvergleichlichen Geschmack auf den Tisch zu zaubern. Dies ist eine weitere, dieser wundervollen \u00abdo it all\u00bb Gew\u00fcrzzubereitungen, die in jeden K\u00fcchenschrank geh\u00f6ren.<\/p>\n<h4>Unsere Gew\u00fcrzzubereitungen enthalten keine k\u00fcnstlichen Konservierungs- oder Zusatzstoffe und werden nach eigenem Familienrezept erstellt.<\/h4>\n<p><b>Zutaten:<\/b> Koriander, Knoblauch, Zwiebeln, Chili, Himalaya Kristallsalz, Rohrzucker, <strong>SENF<\/strong>, Pfeffer, Pfeffer mit granulierter Zitronenschale.<\/p>\n","protected":false},"featured_media":1859,"comment_status":"open","ping_status":"closed","template":"","meta":[],"product_brand":[],"product_cat":[213,238,241,239],"product_tag":[283],"class_list":{"0":"post-2464","1":"product","2":"type-product","3":"status-publish","4":"has-post-thumbnail","6":"product_cat-afrikanisch","7":"product_cat-einzelschachtel","8":"product_cat-spicy-sweet-bbq-spice-blend-de","9":"product_cat-suedafrikanisch","10":"product_tag-spicy-sweet-bbq-spice-blend-de","12":"first","13":"instock","14":"shipping-taxable","15":"purchasable","16":"product-type-simple"},"_links":{"self":[{"href":"https:\/\/spice-life.ch\/de\/wp-json\/wp\/v2\/product\/2464","targetHints":{"allow":["GET"]}}],"collection":[{"href":"https:\/\/spice-life.ch\/de\/wp-json\/wp\/v2\/product"}],"about":[{"href":"https:\/\/spice-life.ch\/de\/wp-json\/wp\/v2\/types\/product"}],"replies":[{"embeddable":true,"href":"https:\/\/spice-life.ch\/de\/wp-json\/wp\/v2\/comments?post=2464"}],"wp:featuredmedia":[{"embeddable":true,"href":"https:\/\/spice-life.ch\/de\/wp-json\/wp\/v2\/media\/1859"}],"wp:attachment":[{"href":"https:\/\/spice-life.ch\/de\/wp-json\/wp\/v2\/media?parent=2464"}],"wp:term":[{"taxonomy":"product_brand","embeddable":true,"href":"https:\/\/spice-life.ch\/de\/wp-json\/wp\/v2\/product_brand?post=2464"},{"taxonomy":"product_cat","embeddable":true,"href":"https:\/\/spice-life.ch\/de\/wp-json\/wp\/v2\/product_cat?post=2464"},{"taxonomy":"product_tag","embeddable":true,"href":"https:\/\/spice-life.ch\/de\/wp-json\/wp\/v2\/product_tag?post=2464"}],"curies":[{"name":"wp","href":"https:\/\/api.w.org\/{rel}","templated":true}]}}