{"id":2463,"date":"2019-02-02T14:43:10","date_gmt":"2019-02-02T14:43:10","guid":{"rendered":"https:\/\/three.originsbeta.ch\/product\/bo-kaap-cape-malay-curry-powder-einzelschachtel\/"},"modified":"2019-04-13T15:30:55","modified_gmt":"2019-04-13T15:30:55","slug":"bo-kaap-cape-malay-curry-powder-einzelschachtel","status":"publish","type":"product","link":"https:\/\/spice-life.ch\/de\/produkt\/bo-kaap-cape-malay-curry-powder-einzelschachtel\/","title":{"rendered":"Bo-Kaap, Cape Malay Curry Powder"},"content":{"rendered":"","protected":false},"excerpt":{"rendered":"<p>Wohl riechend, fruchtig und s\u00fcss mit Aromen von gebranntem Karamel, Kardamomen und Zimt verk\u00f6rpert diese Gew\u00fcrzzubereitung den Geschmack von Kapstadt. Eine wundersch\u00f6ne Verschmelzung der s\u00fcdafrikanischen und malayischen K\u00fcche. Perfekt f\u00fcr Fleisch- und vegetarische Gerichte. Serviert als Curry-Gericht mit getrockneten Aprikosen, frischem Koriander, Kokosnussmilch und Honig kreiert es wunderbar pikanten und erfrischenden \u00abcomfort food\u00bb.<\/p>\n<h4>Unsere Gew\u00fcrzzubereitungen enthalten keine k\u00fcnstlichen Konservierungs- oder Zusatzstoffe und werden nach eigenem Familienrezept erstellt.<\/h4>\n<p><b>Zutaten:<\/b>\u00a0Kurkuma, Koriander, Paprika, Ingwer, Chili, Knoblauch, Zimt, Kreuzk\u00fcmmel, Kardamomen, Bockshornklee, Pfeffer, Nelken.<\/p>\n","protected":false},"featured_media":1861,"comment_status":"open","ping_status":"closed","template":"","meta":[],"product_brand":[],"product_cat":[213,218,238,239],"product_tag":[251,254],"class_list":{"0":"post-2463","1":"product","2":"type-product","3":"status-publish","4":"has-post-thumbnail","6":"product_cat-afrikanisch","7":"product_cat-cape-malay-curry-powder-de","8":"product_cat-einzelschachtel","9":"product_cat-suedafrikanisch","10":"product_tag-bo-kaap-de","11":"product_tag-cape-malay-curry-powder-de","13":"first","14":"instock","15":"shipping-taxable","16":"purchasable","17":"product-type-simple"},"_links":{"self":[{"href":"https:\/\/spice-life.ch\/de\/wp-json\/wp\/v2\/product\/2463","targetHints":{"allow":["GET"]}}],"collection":[{"href":"https:\/\/spice-life.ch\/de\/wp-json\/wp\/v2\/product"}],"about":[{"href":"https:\/\/spice-life.ch\/de\/wp-json\/wp\/v2\/types\/product"}],"replies":[{"embeddable":true,"href":"https:\/\/spice-life.ch\/de\/wp-json\/wp\/v2\/comments?post=2463"}],"wp:featuredmedia":[{"embeddable":true,"href":"https:\/\/spice-life.ch\/de\/wp-json\/wp\/v2\/media\/1861"}],"wp:attachment":[{"href":"https:\/\/spice-life.ch\/de\/wp-json\/wp\/v2\/media?parent=2463"}],"wp:term":[{"taxonomy":"product_brand","embeddable":true,"href":"https:\/\/spice-life.ch\/de\/wp-json\/wp\/v2\/product_brand?post=2463"},{"taxonomy":"product_cat","embeddable":true,"href":"https:\/\/spice-life.ch\/de\/wp-json\/wp\/v2\/product_cat?post=2463"},{"taxonomy":"product_tag","embeddable":true,"href":"https:\/\/spice-life.ch\/de\/wp-json\/wp\/v2\/product_tag?post=2463"}],"curies":[{"name":"wp","href":"https:\/\/api.w.org\/{rel}","templated":true}]}}