{"id":2461,"date":"2019-02-02T14:52:51","date_gmt":"2019-02-02T14:52:51","guid":{"rendered":"https:\/\/three.originsbeta.ch\/product\/lilous-marinade-spice-blend-einzelschachtel\/"},"modified":"2024-05-17T12:00:25","modified_gmt":"2024-05-17T10:00:25","slug":"lilous-marinade-spice-blend-einzelschachtel","status":"publish","type":"product","link":"https:\/\/spice-life.ch\/de\/produkt\/lilous-marinade-spice-blend-einzelschachtel\/","title":{"rendered":"Lilou\u2019s Marinade Spice Blend"},"content":{"rendered":"","protected":false},"excerpt":{"rendered":"<p>Einfach mit etwas Gem\u00fcse\u00f6l vermischen und schon haben Sie eine leckere Marinade f\u00fcr alle Fleisch- und vegetarischen Gerichte. Mit dieser komplexen, aromatischen Gew\u00fcrzzubereitung von Koriander, <b>SENFK\u00d6RNERN<\/b>, Chili, Pfeffer, Oregano, Thymian und Basilikum verwandeln Sie sofort jede salzige Speise in einen unvergleichlichen Genuss. Kann auch als \u00abSpice-Rub\u00bb verwendet, \u00fcber Gem\u00fcsestreifen und Chips gestreut oder Joghurt f\u00fcr Dips hinzugef\u00fcgt werden.<\/p>\n<h4>Unsere Gew\u00fcrzzubereitungen enthalten keine k\u00fcnstlichen Konservierungs- oder Zusatzstoffe und werden nach eigenem Familienrezept erstellt.<\/h4>\n<p><b>Zutaten:<\/b> Koriander, Knoblauch, <b>SENF<\/b>, Rohrzucker, Himalaya Kristallsalz, Kreuzk\u00fcmmel, Pfeffer, Chili, Paprika, Zwiebeln, Pfeffer mit granulierter Zitronenschale, Oregano, Thymian, Basilikum.<\/p>\n","protected":false},"featured_media":1865,"comment_status":"open","ping_status":"closed","template":"","meta":[],"product_brand":[],"product_cat":[238,225,233,243],"product_tag":[271],"class_list":{"0":"post-2461","1":"product","2":"type-product","3":"status-publish","4":"has-post-thumbnail","6":"product_cat-einzelschachtel","7":"product_cat-frankreich","8":"product_cat-lilous-marinade-spice-blend-de","9":"product_cat-schweiz","10":"product_tag-lilous-marinade-spice-blend-de","12":"first","13":"instock","14":"shipping-taxable","15":"purchasable","16":"product-type-simple"},"_links":{"self":[{"href":"https:\/\/spice-life.ch\/de\/wp-json\/wp\/v2\/product\/2461","targetHints":{"allow":["GET"]}}],"collection":[{"href":"https:\/\/spice-life.ch\/de\/wp-json\/wp\/v2\/product"}],"about":[{"href":"https:\/\/spice-life.ch\/de\/wp-json\/wp\/v2\/types\/product"}],"replies":[{"embeddable":true,"href":"https:\/\/spice-life.ch\/de\/wp-json\/wp\/v2\/comments?post=2461"}],"wp:featuredmedia":[{"embeddable":true,"href":"https:\/\/spice-life.ch\/de\/wp-json\/wp\/v2\/media\/1865"}],"wp:attachment":[{"href":"https:\/\/spice-life.ch\/de\/wp-json\/wp\/v2\/media?parent=2461"}],"wp:term":[{"taxonomy":"product_brand","embeddable":true,"href":"https:\/\/spice-life.ch\/de\/wp-json\/wp\/v2\/product_brand?post=2461"},{"taxonomy":"product_cat","embeddable":true,"href":"https:\/\/spice-life.ch\/de\/wp-json\/wp\/v2\/product_cat?post=2461"},{"taxonomy":"product_tag","embeddable":true,"href":"https:\/\/spice-life.ch\/de\/wp-json\/wp\/v2\/product_tag?post=2461"}],"curies":[{"name":"wp","href":"https:\/\/api.w.org\/{rel}","templated":true}]}}