{"id":2387,"date":"2019-02-16T05:50:01","date_gmt":"2019-02-16T05:50:01","guid":{"rendered":"https:\/\/three.originsbeta.ch\/product\/spicy-bbq-rub-for-ribs-and-chicken-doppelschachtel\/"},"modified":"2020-04-17T09:37:08","modified_gmt":"2020-04-17T07:37:08","slug":"spicy-bbq-rub-for-ribs-and-chicken-doppelschachtel","status":"publish","type":"product","link":"https:\/\/spice-life.ch\/de\/produkt\/spicy-bbq-rub-for-ribs-and-chicken-doppelschachtel\/","title":{"rendered":"Spicy BBQ Rub for Ribs &#038; Chicken*"},"content":{"rendered":"","protected":false},"excerpt":{"rendered":"<p>Eine pikante, scharfe und komplexe Gew\u00fcrzzubereitung, die sich als \u00abSpice-Rub\u00bb oder Marinade hervorragend f\u00fcr Gefl\u00fcgel, Schwein und Rind eignet. Oft wird sie als Basis f\u00fcr pikante BBQ Ribs oder Pouletfl\u00fcgel verwendet. Ribs munden speziell gut, wenn man sie mit dieser Gew\u00fcrzzubereitung mariniert und frischen Ingwer, Knoblauch, Thymian, Rosmarin, getrocknete Aprikosen sowie s\u00fcsse indonesische Soyasauce hinzuf\u00fcgt. F\u00fcr einige Stunden stehenlassen und dann langsam im Ofen backen oder auf den Grill werfen. Einfach himmlisch!<\/p>\n<h4>Unsere Gew\u00fcrzzubereitungen enthalten keine k\u00fcnstlichen Konservierungs- oder Zusatzstoffe und werden nach eigenem Familienrezept erstellt.<\/h4>\n<p><b>Zutaten:<\/b>\u00a0Knoblauch, Koriander, Chili, Paprika, Zwiebeln, Himalaya Kristallsalz, Ingwer, Pfeffer, Pfeffer mit granulierter Zitronenschale, Kreuzk\u00fcmmel, Nelken.<\/p>\n<h2>*W\u00e4hlen Sie eine zweite Gew\u00fcrzzubereitung f\u00fcr Ihre Doppelschachtel.<\/h2>\n<p>&nbsp;<\/p>\n","protected":false},"featured_media":1837,"comment_status":"open","ping_status":"closed","template":"","meta":[],"product_brand":[],"product_cat":[190,242,244],"product_tag":[284],"class_list":{"0":"post-2387","1":"product","2":"type-product","3":"status-publish","4":"has-post-thumbnail","6":"product_cat-doppelschachtel","7":"product_cat-spicy-bbq-rub-for-ribs-chicken-de","8":"product_cat-usa-de","9":"product_tag-spicy-bbq-rub-for-ribs-chicken-de","11":"first","12":"instock","13":"shipping-taxable","14":"purchasable","15":"product-type-variable"},"_links":{"self":[{"href":"https:\/\/spice-life.ch\/de\/wp-json\/wp\/v2\/product\/2387","targetHints":{"allow":["GET"]}}],"collection":[{"href":"https:\/\/spice-life.ch\/de\/wp-json\/wp\/v2\/product"}],"about":[{"href":"https:\/\/spice-life.ch\/de\/wp-json\/wp\/v2\/types\/product"}],"replies":[{"embeddable":true,"href":"https:\/\/spice-life.ch\/de\/wp-json\/wp\/v2\/comments?post=2387"}],"wp:featuredmedia":[{"embeddable":true,"href":"https:\/\/spice-life.ch\/de\/wp-json\/wp\/v2\/media\/1837"}],"wp:attachment":[{"href":"https:\/\/spice-life.ch\/de\/wp-json\/wp\/v2\/media?parent=2387"}],"wp:term":[{"taxonomy":"product_brand","embeddable":true,"href":"https:\/\/spice-life.ch\/de\/wp-json\/wp\/v2\/product_brand?post=2387"},{"taxonomy":"product_cat","embeddable":true,"href":"https:\/\/spice-life.ch\/de\/wp-json\/wp\/v2\/product_cat?post=2387"},{"taxonomy":"product_tag","embeddable":true,"href":"https:\/\/spice-life.ch\/de\/wp-json\/wp\/v2\/product_tag?post=2387"}],"curies":[{"name":"wp","href":"https:\/\/api.w.org\/{rel}","templated":true}]}}