{"id":2365,"date":"2019-02-16T12:26:18","date_gmt":"2019-02-16T12:26:18","guid":{"rendered":"https:\/\/three.originsbeta.ch\/product\/burger-and-smoky-bbq-spice-blend-doppelschachtel\/"},"modified":"2019-07-07T15:20:52","modified_gmt":"2019-07-07T13:20:52","slug":"burger-and-smoky-bbq-spice-blend-doppelschachtel","status":"publish","type":"product","link":"https:\/\/spice-life.ch\/de\/produkt\/burger-and-smoky-bbq-spice-blend-doppelschachtel\/","title":{"rendered":"Burger &#038; Smoky BBQ Spice Blend*"},"content":{"rendered":"","protected":false},"excerpt":{"rendered":"<p>Verleihen Sie Burger, Fleisch und vegetarischen Gerichten aller Art eine unvergessliche Geschmackstiefe. Diese Gew\u00fcrzzubereitung verwandelt mit ihrer Chili-Sch\u00e4rfe und Nuancen von Thymian, Oregano und Basilikum jedes Gericht in einen pikanten, scharfen kulinarischen Genuss. Eignet sich auch hervorragend f\u00fcr Kasserolle, gebackenes Gem\u00fcse, Farmer Fries und K\u00e4seschnitten. Kann als Marinade sowie als \u00abSpice-Rub\u00bb oder f\u00fcr BBQ verwendet werden. Diese vielseitige Gew\u00fcrzzubereitung sollte in keiner K\u00fcche fehlen!<\/p>\n<h4>Unsere Gew\u00fcrzzubereitungen enthalten keine k\u00fcnstlichen Konservierungs- oder Zusatzstoffe und werden nach eigenem Familienrezept erstellt.<\/h4>\n<p><b>Zutaten:<\/b>\u00a0Knoblauch, Paprika, Koriander, Zwiebeln, Rohrzucker, Himalaya Kristallsalz, Pfeffer, Kreuzk\u00fcmmel, Chili, Oregano, Thymian, Basilikum.<\/p>\n<h2>*W\u00e4hlen Sie eine zweite Gew\u00fcrzzubereitung f\u00fcr Ihre Doppelschachtel.<\/h2>\n<p>&nbsp;<\/p>\n","protected":false},"featured_media":1839,"comment_status":"open","ping_status":"closed","template":"","meta":[],"product_brand":[],"product_cat":[216,190,244],"product_tag":[252],"class_list":{"0":"post-2365","1":"product","2":"type-product","3":"status-publish","4":"has-post-thumbnail","6":"product_cat-burger-smoky-bbq-spice-blend-de","7":"product_cat-doppelschachtel","8":"product_cat-usa-de","9":"product_tag-burger-smoky-bbq-spice-blend-de","11":"first","12":"instock","13":"shipping-taxable","14":"purchasable","15":"product-type-variable"},"_links":{"self":[{"href":"https:\/\/spice-life.ch\/de\/wp-json\/wp\/v2\/product\/2365","targetHints":{"allow":["GET"]}}],"collection":[{"href":"https:\/\/spice-life.ch\/de\/wp-json\/wp\/v2\/product"}],"about":[{"href":"https:\/\/spice-life.ch\/de\/wp-json\/wp\/v2\/types\/product"}],"replies":[{"embeddable":true,"href":"https:\/\/spice-life.ch\/de\/wp-json\/wp\/v2\/comments?post=2365"}],"wp:featuredmedia":[{"embeddable":true,"href":"https:\/\/spice-life.ch\/de\/wp-json\/wp\/v2\/media\/1839"}],"wp:attachment":[{"href":"https:\/\/spice-life.ch\/de\/wp-json\/wp\/v2\/media?parent=2365"}],"wp:term":[{"taxonomy":"product_brand","embeddable":true,"href":"https:\/\/spice-life.ch\/de\/wp-json\/wp\/v2\/product_brand?post=2365"},{"taxonomy":"product_cat","embeddable":true,"href":"https:\/\/spice-life.ch\/de\/wp-json\/wp\/v2\/product_cat?post=2365"},{"taxonomy":"product_tag","embeddable":true,"href":"https:\/\/spice-life.ch\/de\/wp-json\/wp\/v2\/product_tag?post=2365"}],"curies":[{"name":"wp","href":"https:\/\/api.w.org\/{rel}","templated":true}]}}