{"id":2343,"date":"2019-02-16T12:32:35","date_gmt":"2019-02-16T12:32:35","guid":{"rendered":"https:\/\/three.originsbeta.ch\/product\/fondue-and-raclette-seasoning-doppelschachtel\/"},"modified":"2024-08-27T09:41:14","modified_gmt":"2024-08-27T07:41:14","slug":"fondue-and-raclette-seasoning-doppelschachtel","status":"publish","type":"product","link":"https:\/\/spice-life.ch\/de\/produkt\/fondue-and-raclette-seasoning-doppelschachtel\/","title":{"rendered":"Fondue &#038; Raclette Seasoning*"},"content":{"rendered":"","protected":false},"excerpt":{"rendered":"<p>Wenn der erdige Geschmack von Oregano und Thymian in Kombination mit Koriander, Knoblauch und s\u00fcss-sauren getrockneten Zwiebeln, Kreuzk\u00fcmmel und Sumach Ihnen das Wasser im Mund zusammen laufen l\u00e4sst, dann ist dies Ihre Gew\u00fcrzzubereitung! Eignet sich ausgezeichnet f\u00fcr Fondue, Raclette und K\u00e4seschnitten. Sie k\u00f6nnen es aber auch f\u00fcr Gem\u00fcse oder Fleisch benutzen. Diese Vermischung von orientalischer und provenzalischer K\u00fcche hat einen unvergleichlichen Charme.<\/p>\n<h4>Unsere Gew\u00fcrzzubereitungen enthalten keine k\u00fcnstlichen Konservierungs- oder Zusatzstoffe und werden nach eigenem Familienrezept erstellt.<\/h4>\n<p><b>Zutaten:<\/b>\u00a0Paprika, Knoblauch, Zwiebeln, Koriander, Pfeffer, Pfeffer mit granulierter Zitronenschale, Himalaya Kristallsalz, Macis, Kreuzk\u00fcmmel, Sumach, Oregano, Basilikum, Thymian.<\/p>\n<h2>*W\u00e4hlen Sie eine zweite Gew\u00fcrzzubereitung f\u00fcr Ihre Doppelschachtel.<\/h2>\n<p>&nbsp;<\/p>\n","protected":false},"featured_media":1841,"comment_status":"open","ping_status":"closed","template":"","meta":[],"product_brand":[],"product_cat":[190,224,243],"product_tag":[262],"class_list":{"0":"post-2343","1":"product","2":"type-product","3":"status-publish","4":"has-post-thumbnail","6":"product_cat-doppelschachtel","7":"product_cat-fondue-raclette-seasoning-de","8":"product_cat-schweiz","9":"product_tag-fondue-raclette-seasoning-de","11":"first","12":"instock","13":"shipping-taxable","14":"purchasable","15":"product-type-variable"},"_links":{"self":[{"href":"https:\/\/spice-life.ch\/de\/wp-json\/wp\/v2\/product\/2343","targetHints":{"allow":["GET"]}}],"collection":[{"href":"https:\/\/spice-life.ch\/de\/wp-json\/wp\/v2\/product"}],"about":[{"href":"https:\/\/spice-life.ch\/de\/wp-json\/wp\/v2\/types\/product"}],"replies":[{"embeddable":true,"href":"https:\/\/spice-life.ch\/de\/wp-json\/wp\/v2\/comments?post=2343"}],"wp:featuredmedia":[{"embeddable":true,"href":"https:\/\/spice-life.ch\/de\/wp-json\/wp\/v2\/media\/1841"}],"wp:attachment":[{"href":"https:\/\/spice-life.ch\/de\/wp-json\/wp\/v2\/media?parent=2343"}],"wp:term":[{"taxonomy":"product_brand","embeddable":true,"href":"https:\/\/spice-life.ch\/de\/wp-json\/wp\/v2\/product_brand?post=2343"},{"taxonomy":"product_cat","embeddable":true,"href":"https:\/\/spice-life.ch\/de\/wp-json\/wp\/v2\/product_cat?post=2343"},{"taxonomy":"product_tag","embeddable":true,"href":"https:\/\/spice-life.ch\/de\/wp-json\/wp\/v2\/product_tag?post=2343"}],"curies":[{"name":"wp","href":"https:\/\/api.w.org\/{rel}","templated":true}]}}