{"id":2321,"date":"2019-02-16T12:35:40","date_gmt":"2019-02-16T12:35:40","guid":{"rendered":"https:\/\/three.originsbeta.ch\/product\/namib-cheese-and-meat-spice-blend-doppelschachtel\/"},"modified":"2019-07-07T15:21:46","modified_gmt":"2019-07-07T13:21:46","slug":"namib-cheese-and-meat-spice-blend-doppelschachtel","status":"publish","type":"product","link":"https:\/\/spice-life.ch\/de\/produkt\/namib-cheese-and-meat-spice-blend-doppelschachtel\/","title":{"rendered":"Namib Cheese &#038; Meat Spice Blend*"},"content":{"rendered":"","protected":false},"excerpt":{"rendered":"<p>Diese Gew\u00fcrzzubereitung ist rauchig und komplex mit Spuren von Koriander, Knoblauch sowie dem s\u00fcss-sauren Geschmack von getrockneten Zwiebeln, <strong>SENFK\u00d6RNERN<\/strong> und Kreuzk\u00fcmmel. Sie eignet sich optimal f\u00fcr eine breite Palette von Gerichten, von vegan \u00fcber vegetarisch zu Speisen mit K\u00e4se und Fleisch. Es ist eine tolle \u00aball in one\u00bb Gew\u00fcrzzubereitung f\u00fcr alles &#8211; das Schweizer Taschenmesser der Gew\u00fcrzwelt.<\/p>\n<h4>Unsere Gew\u00fcrzzubereitungen enthalten keine k\u00fcnstlichen Konservierungs- oder Zusatzstoffe und werden nach eigenem Familienrezept erstellt.<\/h4>\n<p><b>Zutaten:<\/b> Knoblauch, Koriander, Zwiebeln, Paprika, <strong>SENF<\/strong>, Kreuzk\u00fcmmel, Pfeffer, Himalaya Kristallsalz, Pfeffer mit granulierter Zitronenschale.<\/p>\n<h2>*W\u00e4hlen Sie eine zweite Gew\u00fcrzzubereitung f\u00fcr Ihre Doppelschachtel.<\/h2>\n<p>&nbsp;<\/p>\n","protected":false},"featured_media":1843,"comment_status":"open","ping_status":"closed","template":"","meta":[],"product_brand":[],"product_cat":[213,190,236,237],"product_tag":[276],"class_list":{"0":"post-2321","1":"product","2":"type-product","3":"status-publish","4":"has-post-thumbnail","6":"product_cat-afrikanisch","7":"product_cat-doppelschachtel","8":"product_cat-namib-cheese-meat-spice-blend-de","9":"product_cat-namibia-de","10":"product_tag-namib-cheese-meat-spice-blend-de","12":"first","13":"instock","14":"shipping-taxable","15":"purchasable","16":"product-type-variable"},"_links":{"self":[{"href":"https:\/\/spice-life.ch\/de\/wp-json\/wp\/v2\/product\/2321","targetHints":{"allow":["GET"]}}],"collection":[{"href":"https:\/\/spice-life.ch\/de\/wp-json\/wp\/v2\/product"}],"about":[{"href":"https:\/\/spice-life.ch\/de\/wp-json\/wp\/v2\/types\/product"}],"replies":[{"embeddable":true,"href":"https:\/\/spice-life.ch\/de\/wp-json\/wp\/v2\/comments?post=2321"}],"wp:featuredmedia":[{"embeddable":true,"href":"https:\/\/spice-life.ch\/de\/wp-json\/wp\/v2\/media\/1843"}],"wp:attachment":[{"href":"https:\/\/spice-life.ch\/de\/wp-json\/wp\/v2\/media?parent=2321"}],"wp:term":[{"taxonomy":"product_brand","embeddable":true,"href":"https:\/\/spice-life.ch\/de\/wp-json\/wp\/v2\/product_brand?post=2321"},{"taxonomy":"product_cat","embeddable":true,"href":"https:\/\/spice-life.ch\/de\/wp-json\/wp\/v2\/product_cat?post=2321"},{"taxonomy":"product_tag","embeddable":true,"href":"https:\/\/spice-life.ch\/de\/wp-json\/wp\/v2\/product_tag?post=2321"}],"curies":[{"name":"wp","href":"https:\/\/api.w.org\/{rel}","templated":true}]}}