{"id":2277,"date":"2019-02-16T13:37:31","date_gmt":"2019-02-16T13:37:31","guid":{"rendered":"https:\/\/three.originsbeta.ch\/product\/east-african-curry-powder-doppelschachtel\/"},"modified":"2019-07-07T15:23:15","modified_gmt":"2019-07-07T13:23:15","slug":"east-african-curry-powder-doppelschachtel","status":"publish","type":"product","link":"https:\/\/spice-life.ch\/de\/produkt\/east-african-curry-powder-doppelschachtel\/","title":{"rendered":"East African Curry Powder*"},"content":{"rendered":"","protected":false},"excerpt":{"rendered":"<p>Dieses Gew\u00fcrzzubereitung enth\u00e4lt Nuancen von Zimt, Kurkuma, Kardamomen, Cayenne, Pfeffer, Knoblauch und Ingwer und wird meistens f\u00fcr Gefl\u00fcgel verwendet. Mischt man es mit Kokosnussmilch und serviert Bananen oder Honig dazu, hat man traditionellen afrikanischen \u00abcomfort food\u00bb. Zutaten wie frischer Koriander und Limettensaft machen das Gericht leichter und erinnern an die cremigen Curries der weiter s\u00fcdlich liegenden afrikanischen K\u00fcste. Diese tolle Gew\u00fcrzzubereitung kann auch als BBQ \u00abSpice-Rub\u00bb oder f\u00fcr eine Marinade verwendet werden.<\/p>\n<h4>Unsere Gew\u00fcrzzubereitungen enthalten keine k\u00fcnstlichen Konservierungs- oder Zusatzstoffe und werden nach eigenem Familienrezept erstellt.<\/h4>\n<p><b>Zutaten:<\/b>\u00a0Zimt, Kurkuma, Ingwer, Koriander, Knoblauch, Kardamomen, Cayenne, Pfeffer, Himalaya Kristallsalz, Pfeffer mit granulierter Zitronenschale, Bockshornklee, Pfefferminze.<\/p>\n<h2>*W\u00e4hlen Sie eine zweite Gew\u00fcrzzubereitung f\u00fcr Ihre Doppelschachtel.<\/h2>\n<p>&nbsp;<\/p>\n","protected":false},"featured_media":1847,"comment_status":"open","ping_status":"closed","template":"","meta":[],"product_brand":[],"product_cat":[213,190,221],"product_tag":[259],"class_list":{"0":"post-2277","1":"product","2":"type-product","3":"status-publish","4":"has-post-thumbnail","6":"product_cat-afrikanisch","7":"product_cat-doppelschachtel","8":"product_cat-east-african-curry-powder-de","9":"product_tag-east-african-curry-powder-de","11":"first","12":"instock","13":"shipping-taxable","14":"purchasable","15":"product-type-variable"},"_links":{"self":[{"href":"https:\/\/spice-life.ch\/de\/wp-json\/wp\/v2\/product\/2277","targetHints":{"allow":["GET"]}}],"collection":[{"href":"https:\/\/spice-life.ch\/de\/wp-json\/wp\/v2\/product"}],"about":[{"href":"https:\/\/spice-life.ch\/de\/wp-json\/wp\/v2\/types\/product"}],"replies":[{"embeddable":true,"href":"https:\/\/spice-life.ch\/de\/wp-json\/wp\/v2\/comments?post=2277"}],"wp:featuredmedia":[{"embeddable":true,"href":"https:\/\/spice-life.ch\/de\/wp-json\/wp\/v2\/media\/1847"}],"wp:attachment":[{"href":"https:\/\/spice-life.ch\/de\/wp-json\/wp\/v2\/media?parent=2277"}],"wp:term":[{"taxonomy":"product_brand","embeddable":true,"href":"https:\/\/spice-life.ch\/de\/wp-json\/wp\/v2\/product_brand?post=2277"},{"taxonomy":"product_cat","embeddable":true,"href":"https:\/\/spice-life.ch\/de\/wp-json\/wp\/v2\/product_cat?post=2277"},{"taxonomy":"product_tag","embeddable":true,"href":"https:\/\/spice-life.ch\/de\/wp-json\/wp\/v2\/product_tag?post=2277"}],"curies":[{"name":"wp","href":"https:\/\/api.w.org\/{rel}","templated":true}]}}