{"id":2189,"date":"2019-02-16T13:56:32","date_gmt":"2019-02-16T13:56:32","guid":{"rendered":"https:\/\/three.originsbeta.ch\/product\/fresh-and-tangy-spice-blend-doppelschachtel\/"},"modified":"2019-07-07T15:28:25","modified_gmt":"2019-07-07T13:28:25","slug":"fresh-and-tangy-spice-blend-doppelschachtel","status":"publish","type":"product","link":"https:\/\/spice-life.ch\/de\/produkt\/fresh-and-tangy-spice-blend-doppelschachtel\/","title":{"rendered":"Fresh &#038; Tangy Spice Blend*"},"content":{"rendered":"","protected":false},"excerpt":{"rendered":"<p>Eine erfrischend pikante, s\u00fcsse und milde Gew\u00fcrzzubereitung, die sich bestens f\u00fcr Gefl\u00fcgel, Fleisch und Seafood eignet. Sie ist mit einer Spur von Zitronenschale, Sumach und Pfefferminze verfeinert und kann als \u00abSpice-Rub\u00bb oder f\u00fcr Stir-Fry und Curry-Gerichte verwendet werden. Serviert mit Limettensaft, frischem Koriander, Honig und entweder Joghurt oder Kokosnussmilch wird daraus ein wunderbar w\u00fcrziges und unvergessliches Gericht.<\/p>\n<h4>Unsere Gew\u00fcrzzubereitungen enthalten keine k\u00fcnstlichen Konservierungs- oder Zusatzstoffe und werden nach eigenem Familienrezept erstellt.<\/h4>\n<p><b>Zutaten:<\/b>\u00a0Knoblauch, Ingwer, Koriander, Rohrzucker, Zimt, Zwiebeln, Chili, Kurkuma, Sumach, Himalaya Kristallsalz, Pfeffer mit granulierter Zitronenschale, Pfeffer, Pfefferminze.<\/p>\n<h2>*W\u00e4hlen Sie eine zweite Gew\u00fcrzzubereitung f\u00fcr Ihre Doppelschachtel.<\/h2>\n<p>&nbsp;<\/p>\n","protected":false},"featured_media":1855,"comment_status":"open","ping_status":"closed","template":"","meta":[],"product_brand":[],"product_cat":[214,190,226,227,230],"product_tag":[264],"class_list":{"0":"post-2189","1":"product","2":"type-product","3":"status-publish","4":"has-post-thumbnail","6":"product_cat-asiatisch","7":"product_cat-doppelschachtel","8":"product_cat-fresh-tangy-curry-powder-de","9":"product_cat-fresh-tangy-spice-blend-de","10":"product_cat-indien","11":"product_tag-fresh-tangy-curry-powder-de","13":"first","14":"instock","15":"shipping-taxable","16":"purchasable","17":"product-type-variable"},"_links":{"self":[{"href":"https:\/\/spice-life.ch\/de\/wp-json\/wp\/v2\/product\/2189","targetHints":{"allow":["GET"]}}],"collection":[{"href":"https:\/\/spice-life.ch\/de\/wp-json\/wp\/v2\/product"}],"about":[{"href":"https:\/\/spice-life.ch\/de\/wp-json\/wp\/v2\/types\/product"}],"replies":[{"embeddable":true,"href":"https:\/\/spice-life.ch\/de\/wp-json\/wp\/v2\/comments?post=2189"}],"wp:featuredmedia":[{"embeddable":true,"href":"https:\/\/spice-life.ch\/de\/wp-json\/wp\/v2\/media\/1855"}],"wp:attachment":[{"href":"https:\/\/spice-life.ch\/de\/wp-json\/wp\/v2\/media?parent=2189"}],"wp:term":[{"taxonomy":"product_brand","embeddable":true,"href":"https:\/\/spice-life.ch\/de\/wp-json\/wp\/v2\/product_brand?post=2189"},{"taxonomy":"product_cat","embeddable":true,"href":"https:\/\/spice-life.ch\/de\/wp-json\/wp\/v2\/product_cat?post=2189"},{"taxonomy":"product_tag","embeddable":true,"href":"https:\/\/spice-life.ch\/de\/wp-json\/wp\/v2\/product_tag?post=2189"}],"curies":[{"name":"wp","href":"https:\/\/api.w.org\/{rel}","templated":true}]}}