{"id":2100,"date":"2019-02-16T14:09:29","date_gmt":"2019-02-16T14:09:29","guid":{"rendered":"https:\/\/three.originsbeta.ch\/product\/desert-roadhouse-spice-blend-doppelschachtel\/"},"modified":"2019-07-07T15:26:44","modified_gmt":"2019-07-07T13:26:44","slug":"desert-roadhouse-spice-blend-doppelschachtel","status":"publish","type":"product","link":"https:\/\/spice-life.ch\/de\/produkt\/desert-roadhouse-spice-blend-doppelschachtel\/","title":{"rendered":"Desert Roadhouse Spice Blend*"},"content":{"rendered":"","protected":false},"excerpt":{"rendered":"<p>Die scharf-s\u00fcsse und rauchige Gew\u00fcrzzubereitung eignet sich optimal f\u00fcr Steak, Gefl\u00fcgel, Schwein oder BBQ Ribs. Dies ist der Geschmack der Route 66 mit Flashbacks von endlosen Highways und weiten W\u00fcsten. Die komplexe Gew\u00fcrzzubereitung von Chili, Pfeffer, Kreuzk\u00fcmmel, <b>SENFK\u00d6RNERN<\/b> und Koriander eignet sich hervorragend als \u00abSpice-Rub\u00bb und Basis f\u00fcr Marinaden oder kann auch zum W\u00fcrzen von Tex-Mex-Gerichten verwendet werden.<\/p>\n<h4>Unsere Gew\u00fcrzzubereitungen enthalten keine k\u00fcnstlichen Konservierungs- oder Zusatzstoffe und werden nach eigenem Familienrezept erstellt.<\/h4>\n<p><b>Zutaten:<\/b> Koriander, Chili, Rohrzucker, Kreuzk\u00fcmmel, Himalaya Kristallsalz, <b>SENF<\/b>, Pfeffer.<\/p>\n<h2>*W\u00e4hlen Sie eine zweite Gew\u00fcrzzubereitung f\u00fcr Ihre Doppelschachtel.<\/h2>\n<p>&nbsp;<\/p>\n","protected":false},"featured_media":1863,"comment_status":"open","ping_status":"closed","template":"","meta":[],"product_brand":[],"product_cat":[220,190,244],"product_tag":[257],"class_list":{"0":"post-2100","1":"product","2":"type-product","3":"status-publish","4":"has-post-thumbnail","6":"product_cat-desert-roadhouse-spice-blend-de","7":"product_cat-doppelschachtel","8":"product_cat-usa-de","9":"product_tag-desert-roadhouse-spice-blend-de","11":"first","12":"instock","13":"shipping-taxable","14":"purchasable","15":"product-type-variable"},"_links":{"self":[{"href":"https:\/\/spice-life.ch\/de\/wp-json\/wp\/v2\/product\/2100","targetHints":{"allow":["GET"]}}],"collection":[{"href":"https:\/\/spice-life.ch\/de\/wp-json\/wp\/v2\/product"}],"about":[{"href":"https:\/\/spice-life.ch\/de\/wp-json\/wp\/v2\/types\/product"}],"replies":[{"embeddable":true,"href":"https:\/\/spice-life.ch\/de\/wp-json\/wp\/v2\/comments?post=2100"}],"wp:featuredmedia":[{"embeddable":true,"href":"https:\/\/spice-life.ch\/de\/wp-json\/wp\/v2\/media\/1863"}],"wp:attachment":[{"href":"https:\/\/spice-life.ch\/de\/wp-json\/wp\/v2\/media?parent=2100"}],"wp:term":[{"taxonomy":"product_brand","embeddable":true,"href":"https:\/\/spice-life.ch\/de\/wp-json\/wp\/v2\/product_brand?post=2100"},{"taxonomy":"product_cat","embeddable":true,"href":"https:\/\/spice-life.ch\/de\/wp-json\/wp\/v2\/product_cat?post=2100"},{"taxonomy":"product_tag","embeddable":true,"href":"https:\/\/spice-life.ch\/de\/wp-json\/wp\/v2\/product_tag?post=2100"}],"curies":[{"name":"wp","href":"https:\/\/api.w.org\/{rel}","templated":true}]}}