{"id":1873,"date":"2019-02-16T14:12:09","date_gmt":"2019-02-16T14:12:09","guid":{"rendered":"https:\/\/three.originsbeta.ch\/product\/lilous-marinade-spice-blend-double-box\/"},"modified":"2019-07-07T15:27:06","modified_gmt":"2019-07-07T13:27:06","slug":"lilous-marinade-spice-blend-doppelschachtel","status":"publish","type":"product","link":"https:\/\/spice-life.ch\/de\/produkt\/lilous-marinade-spice-blend-doppelschachtel\/","title":{"rendered":"Lilou\u2019s Marinade Spice Blend*"},"content":{"rendered":"","protected":false},"excerpt":{"rendered":"<p>Einfach mit etwas Gem\u00fcse\u00f6l vermischen und schon haben Sie eine leckere Marinade f\u00fcr alle Fleisch- und vegetarischen Gerichte. Mit dieser komplexen, aromatischen Gew\u00fcrzzubereitung von Koriander, <strong>SENFK\u00d6RNERN<\/strong>, Chili, Pfeffer, Oregano, Thymian und Basilikum verwandeln Sie sofort jede salzige Speise in einen unvergleichlichen Genuss. Kann auch als \u00abSpice-Rub\u00bb verwendet, \u00fcber Gem\u00fcsestreifen und Chips gestreut oder Joghurt f\u00fcr Dips hinzugef\u00fcgt werden.<\/p>\n<h4>Unsere Gew\u00fcrzzubereitungen enthalten keine k\u00fcnstlichen Konservierungs- oder Zusatzstoffe und werden nach eigenem Familienrezept erstellt.<\/h4>\n<p><b>Zutaten:<\/b> Koriander, Knoblauch, <b>SENF<\/b>, Rohrzucker, Himalaya Kristallsalz, Kreuzk\u00fcmmel, Pfeffer, Chili, Paprika, Zwiebeln, Pfeffer mit granulierter Zitronenschale, Oregano, Thymian, Basilikum.<\/p>\n<h2>*W\u00e4hlen Sie eine zweite Gew\u00fcrzzubereitung f\u00fcr Ihre Doppelschachtel.<\/h2>\n<p>&nbsp;<\/p>\n","protected":false},"featured_media":1865,"comment_status":"open","ping_status":"closed","template":"","meta":[],"product_brand":[],"product_cat":[190,225,233,191],"product_tag":[271],"class_list":{"0":"post-1873","1":"product","2":"type-product","3":"status-publish","4":"has-post-thumbnail","6":"product_cat-doppelschachtel","7":"product_cat-frankreich","8":"product_cat-lilous-marinade-spice-blend-de","9":"product_cat-mittelmeer","10":"product_tag-lilous-marinade-spice-blend-de","12":"first","13":"instock","14":"shipping-taxable","15":"purchasable","16":"product-type-variable"},"_links":{"self":[{"href":"https:\/\/spice-life.ch\/de\/wp-json\/wp\/v2\/product\/1873","targetHints":{"allow":["GET"]}}],"collection":[{"href":"https:\/\/spice-life.ch\/de\/wp-json\/wp\/v2\/product"}],"about":[{"href":"https:\/\/spice-life.ch\/de\/wp-json\/wp\/v2\/types\/product"}],"replies":[{"embeddable":true,"href":"https:\/\/spice-life.ch\/de\/wp-json\/wp\/v2\/comments?post=1873"}],"wp:featuredmedia":[{"embeddable":true,"href":"https:\/\/spice-life.ch\/de\/wp-json\/wp\/v2\/media\/1865"}],"wp:attachment":[{"href":"https:\/\/spice-life.ch\/de\/wp-json\/wp\/v2\/media?parent=1873"}],"wp:term":[{"taxonomy":"product_brand","embeddable":true,"href":"https:\/\/spice-life.ch\/de\/wp-json\/wp\/v2\/product_brand?post=1873"},{"taxonomy":"product_cat","embeddable":true,"href":"https:\/\/spice-life.ch\/de\/wp-json\/wp\/v2\/product_cat?post=1873"},{"taxonomy":"product_tag","embeddable":true,"href":"https:\/\/spice-life.ch\/de\/wp-json\/wp\/v2\/product_tag?post=1873"}],"curies":[{"name":"wp","href":"https:\/\/api.w.org\/{rel}","templated":true}]}}